{"id":2414,"date":"2025-11-30T10:54:40","date_gmt":"2025-11-30T03:54:40","guid":{"rendered":"https:\/\/dulcedesaigon.com\/?page_id=2414"},"modified":"2025-12-05T23:50:24","modified_gmt":"2025-12-05T16:50:24","slug":"about-us","status":"publish","type":"page","link":"https:\/\/dulcedesaigon.com\/vi\/about-us\/","title":{"rendered":"About Dulce"},"content":{"rendered":"<div data-elementor-type=\"wp-page\" data-elementor-id=\"2414\" class=\"elementor elementor-2414\" data-elementor-post-type=\"page\">\n\t\t\t\t<div data-particle_enable=\"false\" data-particle-mobile-disabled=\"false\" class=\"elementor-element elementor-element-60654174 e-con-full e-flex e-con e-parent\" data-id=\"60654174\" data-element_type=\"container\" data-settings=\"{&quot;background_background&quot;:&quot;classic&quot;}\">\n\t\t<div data-particle_enable=\"false\" data-particle-mobile-disabled=\"false\" class=\"elementor-element elementor-element-49a5aa8b e-con-full e-flex e-con e-child\" data-id=\"49a5aa8b\" data-element_type=\"container\">\n\t\t<div data-particle_enable=\"false\" data-particle-mobile-disabled=\"false\" class=\"elementor-element elementor-element-299782f4 animated-slow e-con-full e-flex elementor-invisible e-con e-child\" data-id=\"299782f4\" data-element_type=\"container\" data-settings=\"{&quot;background_background&quot;:&quot;classic&quot;,&quot;animation&quot;:&quot;fadeInUp&quot;,&quot;animation_delay&quot;:600}\">\n\t\t\t\t<\/div>\n\t\t<div data-particle_enable=\"false\" data-particle-mobile-disabled=\"false\" class=\"elementor-element elementor-element-7b0b5345 e-con-full e-flex e-con e-child\" data-id=\"7b0b5345\" data-element_type=\"container\">\n\t\t\t\t<div class=\"elementor-element elementor-element-5c80ed0b elementor-blockquote--skin-quotation elementor-blockquote--align-center elementor-widget elementor-widget-blockquote\" data-id=\"5c80ed0b\" data-element_type=\"widget\" data-widget_type=\"blockquote.default\">\n\t\t\t\t\t\t\t<blockquote class=\"elementor-blockquote\">\n\t\t\t<p class=\"elementor-blockquote__content\">\n\t\t\t\tCh\u00fang m\u00ecnh tin r\u1eb1ng \u0111\u1ed3 \u0103n ngon c\u00f3 th\u1ec3 k\u1ebft n\u1ed1i m\u1ecdi ng\u01b0\u1eddi\t\t\t<\/p>\n\t\t\t\t\t<\/blockquote>\n\t\t\t\t\t\t<\/div>\n\t\t\t\t<div class=\"elementor-element elementor-element-20ae78ec elementor-widget elementor-widget-text-editor\" data-id=\"20ae78ec\" data-element_type=\"widget\" data-widget_type=\"text-editor.default\">\n\t\t\t\t\t\t\t\t\t<p><span style=\"font-weight: 400\">Dulce ra \u0111\u1eddi gi\u1eefa m\u00f9a COVID 2019, khi ch\u1ecb Minh Th\u01b0 - head baker c\u1ee7a m\u00ecnh - kh\u00e1m ph\u00e1 ni\u1ec1m \u0111am m\u00ea <\/span><span style=\"font-weight: 400\">l\u00e0m b\u00e1nh ki\u1ec3u M\u1ef9.<\/span><\/p><p><span style=\"font-weight: 400\">T\u1eeb m\u1ea5y cu\u1ed9n cinnamon rolls th\u01a1m n\u1ee9c l\u00e0m t\u1eb7ng h\u1ed9i b\u1ea1n th\u00e2n, gi\u1edd Dulce \u0111\u00e3 tr\u1edf th\u00e0nh m\u1ed9t kh\u00f4ng gian <\/span><span style=\"font-weight: 400\">\u0111\u1eb7c bi\u1ec7t n\u01a1i h\u01b0\u01a1ng v\u1ecb to\u00e0n c\u1ea7u g\u1eb7p g\u1ee1 tinh th\u1ea7n S\u00e0i G\u00f2n.<\/span><\/p><p>M\u00ecnh l\u00e0 Garret v\u00e0 Minh Th\u01b0, v\u00e0 m\u00ecnh tin r\u1eb1ng \u0111\u1ed3 \u0103n ngon c\u00f3 th\u1ec3 k\u1ebft n\u1ed1i m\u1ecdi ng\u01b0\u1eddi.<\/p><p>V\u00ec th\u1ebf m\u00ecnh ch\u1ecdn nguy\u00ean li\u1ec7u cao c\u1ea5p, l\u00e0m theo l\u00f4 nh\u1ecf (small-batch), v\u00e0 craft t\u1eebng chi\u1ebfc b\u00e1nh v\u1edbi c\u1ea3 tr\u00e1i tim \u0111\u1ec3 m\u1ed7i mi\u1ebfng \u0103n \u0111\u1ec1u mang c\u1ea3m gi\u00e1c ri\u00eang bi\u1ec7t.<\/p>\t\t\t\t\t\t\t\t<\/div>\n\t\t\t\t<\/div>\n\t\t\t\t<\/div>\n\t\t\t\t<\/div>\n\t\t<div data-particle_enable=\"false\" data-particle-mobile-disabled=\"false\" class=\"elementor-element elementor-element-73e1a3de e-flex e-con-boxed e-con e-parent\" data-id=\"73e1a3de\" data-element_type=\"container\" data-settings=\"{&quot;background_background&quot;:&quot;gradient&quot;}\">\n\t\t\t\t\t<div class=\"e-con-inner\">\n\t\t<div data-particle_enable=\"false\" data-particle-mobile-disabled=\"false\" class=\"elementor-element elementor-element-30d73ac1 e-con-full e-flex e-con e-child\" data-id=\"30d73ac1\" data-element_type=\"container\">\n\t\t\t\t<div class=\"elementor-element elementor-element-5ad94abe elementor-widget-divider--view-line elementor-invisible elementor-widget elementor-widget-divider\" data-id=\"5ad94abe\" data-element_type=\"widget\" data-settings=\"{&quot;_animation&quot;:&quot;fadeInLeft&quot;}\" data-widget_type=\"divider.default\">\n\t\t\t\t\t\t\t<div class=\"elementor-divider\">\n\t\t\t<span class=\"elementor-divider-separator\">\n\t\t\t\t\t\t<\/span>\n\t\t<\/div>\n\t\t\t\t\t\t<\/div>\n\t\t\t\t<div class=\"elementor-element elementor-element-1c4d710c elementor-widget-tablet__width-inherit elementor-widget elementor-widget-heading\" data-id=\"1c4d710c\" data-element_type=\"widget\" data-widget_type=\"heading.default\">\n\t\t\t\t\t<h2 class=\"elementor-heading-title elementor-size-default\">Nh\u01b0ng Dulce kh\u00f4ng ch\u1ec9 l\u00e0 chuy\u1ec7n b\u00e1nh ng\u1ecdt v\u00e0 c\u00e0 ph\u00ea.<\/h2>\t\t\t\t<\/div>\n\t\t\t\t<div class=\"elementor-element elementor-element-6f1ef37b elementor-widget elementor-widget-icon-box\" data-id=\"6f1ef37b\" data-element_type=\"widget\" data-widget_type=\"icon-box.default\">\n\t\t\t\t\t\t\t<div class=\"elementor-icon-box-wrapper\">\n\n\t\t\t\n\t\t\t\t\t\t<div class=\"elementor-icon-box-content\">\n\n\t\t\t\t\n\t\t\t\t\t\t\t\t\t<p class=\"elementor-icon-box-description\">\n\t\t\t\t\t\tMenu \u0110a D\u1ea1ng - Chu\u1ea9n Vibe Qu\u1ed1c T\u1ebf. T\u1eeb cookies m\u1ec1m tan, matcha \u0111\u1eadm \u0111\u00e0, \u0111\u1ebfn b\u00e1nh m\u1ef3 tiger bread gi\u00f2n r\u1ee5m n\u01b0\u1edbng t\u01b0\u01a1i m\u1ed7i ng\u00e0y - t\u1ea5t c\u1ea3 \u0111\u1ec1u \u0111\u01b0\u1ee3c l\u00e0m th\u1ee7 c\u00f4ng t\u1ec9 m\u1ec9 v\u1edbi chocolate B\u1ec9 nh\u1eadp kh\u1ea9u x\u1ecbn, b\u1ed9t matcha Uji Nh\u1eadt B\u1ea3n, v\u00e0 cream cheese Ch\u00e2u \u00c2u.\n\t\t\t\t\t<\/p>\n\t\t\t\t\n\t\t\t<\/div>\n\t\t\t\n\t\t<\/div>\n\t\t\t\t\t\t<\/div>\n\t\t\t\t<\/div>\n\t\t<div data-particle_enable=\"false\" data-particle-mobile-disabled=\"false\" class=\"elementor-element elementor-element-19b9a730 e-con-full e-flex e-con e-child\" data-id=\"19b9a730\" data-element_type=\"container\">\n\t\t\t\t<div class=\"elementor-element elementor-element-49f85ea2 elementor-widget-mobile__width-initial elementor-widget__width-initial elementor-widget-tablet__width-initial elementor-invisible elementor-widget elementor-widget-image\" data-id=\"49f85ea2\" data-element_type=\"widget\" data-settings=\"{&quot;_animation&quot;:&quot;fadeInDown&quot;}\" data-widget_type=\"image.default\">\n\t\t\t\t\t\t\t\t\t\t\t\t\t\t\t<img fetchpriority=\"high\" decoding=\"async\" width=\"683\" height=\"1024\" src=\"https:\/\/dulcedesaigon.com\/wp-content\/uploads\/2025\/11\/double-dark-cookie-683x1024.jpg\" class=\"attachment-large size-large wp-image-1958\" alt=\"double dark cookie\" srcset=\"https:\/\/dulcedesaigon.com\/wp-content\/uploads\/2025\/11\/double-dark-cookie-683x1024.jpg 683w, https:\/\/dulcedesaigon.com\/wp-content\/uploads\/2025\/11\/double-dark-cookie-200x300.jpg 200w, https:\/\/dulcedesaigon.com\/wp-content\/uploads\/2025\/11\/double-dark-cookie-768x1152.jpg 768w, https:\/\/dulcedesaigon.com\/wp-content\/uploads\/2025\/11\/double-dark-cookie-1024x1536.jpg 1024w, https:\/\/dulcedesaigon.com\/wp-content\/uploads\/2025\/11\/double-dark-cookie-1365x2048.jpg 1365w, https:\/\/dulcedesaigon.com\/wp-content\/uploads\/2025\/11\/double-dark-cookie-8x12.jpg 8w, https:\/\/dulcedesaigon.com\/wp-content\/uploads\/2025\/11\/double-dark-cookie-scaled.jpg 1707w\" sizes=\"(max-width: 683px) 100vw, 683px\" \/>\t\t\t\t\t\t\t\t\t\t\t\t\t\t\t<\/div>\n\t\t\t\t<div class=\"elementor-element elementor-element-525567b8 elementor-widget-mobile__width-initial elementor-widget__width-initial elementor-widget-tablet__width-initial elementor-invisible elementor-widget elementor-widget-image\" data-id=\"525567b8\" data-element_type=\"widget\" data-settings=\"{&quot;_animation&quot;:&quot;fadeInRight&quot;}\" data-widget_type=\"image.default\">\n\t\t\t\t\t\t\t\t\t\t\t\t\t\t\t<img decoding=\"async\" width=\"683\" height=\"1024\" src=\"https:\/\/dulcedesaigon.com\/wp-content\/uploads\/2025\/11\/Tokyo-Chick-Sandwich-683x1024.jpg\" class=\"attachment-large size-large wp-image-2186\" alt=\"B\u00e1nh M\u00ec G\u00e0 Tokyo\" srcset=\"https:\/\/dulcedesaigon.com\/wp-content\/uploads\/2025\/11\/Tokyo-Chick-Sandwich-683x1024.jpg 683w, https:\/\/dulcedesaigon.com\/wp-content\/uploads\/2025\/11\/Tokyo-Chick-Sandwich-200x300.jpg 200w, https:\/\/dulcedesaigon.com\/wp-content\/uploads\/2025\/11\/Tokyo-Chick-Sandwich-768x1152.jpg 768w, https:\/\/dulcedesaigon.com\/wp-content\/uploads\/2025\/11\/Tokyo-Chick-Sandwich-1024x1536.jpg 1024w, https:\/\/dulcedesaigon.com\/wp-content\/uploads\/2025\/11\/Tokyo-Chick-Sandwich-1365x2048.jpg 1365w, https:\/\/dulcedesaigon.com\/wp-content\/uploads\/2025\/11\/Tokyo-Chick-Sandwich-8x12.jpg 8w, https:\/\/dulcedesaigon.com\/wp-content\/uploads\/2025\/11\/Tokyo-Chick-Sandwich-scaled.jpg 1707w\" sizes=\"(max-width: 683px) 100vw, 683px\" \/>\t\t\t\t\t\t\t\t\t\t\t\t\t\t\t<\/div>\n\t\t\t\t<\/div>\n\t\t\t\t\t<\/div>\n\t\t\t\t<\/div>\n\t\t<div data-particle_enable=\"false\" data-particle-mobile-disabled=\"false\" class=\"elementor-element elementor-element-416318be e-con-full e-flex e-con e-parent\" data-id=\"416318be\" data-element_type=\"container\" data-settings=\"{&quot;background_background&quot;:&quot;classic&quot;}\">\n\t\t<div data-particle_enable=\"false\" data-particle-mobile-disabled=\"false\" class=\"elementor-element elementor-element-2920adc9 e-con-full e-flex e-con e-child\" data-id=\"2920adc9\" data-element_type=\"container\">\n\t\t\t\t<div class=\"elementor-element elementor-element-114dcddb elementor-widget elementor-widget-heading\" data-id=\"114dcddb\" data-element_type=\"widget\" data-widget_type=\"heading.default\">\n\t\t\t\t\t<h2 class=\"elementor-heading-title elementor-size-default\">Ti\u1ec7m B\u00e1nh Dulce de Saigon Qu\u1eadn 3<\/h2>\t\t\t\t<\/div>\n\t\t\t\t<div class=\"elementor-element elementor-element-5f5cd3 elementor-widget elementor-widget-text-editor\" data-id=\"5f5cd3\" data-element_type=\"widget\" data-widget_type=\"text-editor.default\">\n\t\t\t\t\t\t\t\t\t<p><span style=\"font-weight: 400\">\u0110\u00e2y l\u00e0 n\u01a1i m\u00e0 ai c\u0169ng \u0111\u01b0\u1ee3c ch\u00e0o \u0111\u00f3n - <\/span><span style=\"font-weight: 400\">d\u00f9 b\u1ea1n l\u1ea7n \u0111\u1ea7u th\u1eed\n  cookies ph\u01b0\u01a1ng T\u00e2y hay \u0111ang t\u00ecm h\u01b0\u01a1ng v\u1ecb quen thu\u1ed9c t\u1eeb nh\u00e0.<\/span><\/p><p><span style=\"font-weight: 400\">Kh\u00f4ng gian \u1ea5m c\u00fang, th\u00e2n thi\u1ec7n, c\u1ef1c k\u1ef3 chill.<\/span><\/p>\t\t\t\t\t\t\t\t<\/div>\n\t\t\t\t<div class=\"elementor-element elementor-element-17c48bc elementor-shape-rounded elementor-grid-0 e-grid-align-center elementor-widget elementor-widget-social-icons\" data-id=\"17c48bc\" data-element_type=\"widget\" data-widget_type=\"social-icons.default\">\n\t\t\t\t\t\t\t<div class=\"elementor-social-icons-wrapper elementor-grid\" role=\"list\">\n\t\t\t\t\t\t\t<span class=\"elementor-grid-item\" role=\"listitem\">\n\t\t\t\t\t<a class=\"elementor-icon elementor-social-icon elementor-social-icon-facebook-f elementor-repeater-item-3f1b7ac\" href=\"https:\/\/www.facebook.com\/dulcedesaigon\/?locale=vi_VN\" target=\"_blank\" rel=\"noopener\">\n\t\t\t\t\t\t<span class=\"elementor-screen-only\">Facebook-f<\/span>\n\t\t\t\t\t\t<svg aria-hidden=\"true\" class=\"e-font-icon-svg e-fab-facebook-f\" viewbox=\"0 0 320 512\" xmlns=\"http:\/\/www.w3.org\/2000\/svg\"><path d=\"M279.14 288l14.22-92.66h-88.91v-60.13c0-25.35 12.42-50.06 52.24-50.06h40.42V6.26S260.43 0 225.36 0c-73.22 0-121.08 44.38-121.08 124.72v70.62H22.89V288h81.39v224h100.17V288z\"><\/path><\/svg>\t\t\t\t\t<\/a>\n\t\t\t\t<\/span>\n\t\t\t\t\t\t\t<span class=\"elementor-grid-item\" role=\"listitem\">\n\t\t\t\t\t<a class=\"elementor-icon elementor-social-icon elementor-social-icon-instagram elementor-repeater-item-5c0ce3c\" href=\"https:\/\/www.instagram.com\/dulce_de_saigon\/?hl=en\" target=\"_blank\" rel=\"noopener\">\n\t\t\t\t\t\t<span class=\"elementor-screen-only\">Instagram<\/span>\n\t\t\t\t\t\t<svg aria-hidden=\"true\" class=\"e-font-icon-svg e-fab-instagram\" viewbox=\"0 0 448 512\" xmlns=\"http:\/\/www.w3.org\/2000\/svg\"><path d=\"M224.1 141c-63.6 0-114.9 51.3-114.9 114.9s51.3 114.9 114.9 114.9S339 319.5 339 255.9 287.7 141 224.1 141zm0 189.6c-41.1 0-74.7-33.5-74.7-74.7s33.5-74.7 74.7-74.7 74.7 33.5 74.7 74.7-33.6 74.7-74.7 74.7zm146.4-194.3c0 14.9-12 26.8-26.8 26.8-14.9 0-26.8-12-26.8-26.8s12-26.8 26.8-26.8 26.8 12 26.8 26.8zm76.1 27.2c-1.7-35.9-9.9-67.7-36.2-93.9-26.2-26.2-58-34.4-93.9-36.2-37-2.1-147.9-2.1-184.9 0-35.8 1.7-67.6 9.9-93.9 36.1s-34.4 58-36.2 93.9c-2.1 37-2.1 147.9 0 184.9 1.7 35.9 9.9 67.7 36.2 93.9s58 34.4 93.9 36.2c37 2.1 147.9 2.1 184.9 0 35.9-1.7 67.7-9.9 93.9-36.2 26.2-26.2 34.4-58 36.2-93.9 2.1-37 2.1-147.8 0-184.8zM398.8 388c-7.8 19.6-22.9 34.7-42.6 42.6-29.5 11.7-99.5 9-132.1 9s-102.7 2.6-132.1-9c-19.6-7.8-34.7-22.9-42.6-42.6-11.7-29.5-9-99.5-9-132.1s-2.6-102.7 9-132.1c7.8-19.6 22.9-34.7 42.6-42.6 29.5-11.7 99.5-9 132.1-9s102.7-2.6 132.1 9c19.6 7.8 34.7 22.9 42.6 42.6 11.7 29.5 9 99.5 9 132.1s2.7 102.7-9 132.1z\"><\/path><\/svg>\t\t\t\t\t<\/a>\n\t\t\t\t<\/span>\n\t\t\t\t\t\t\t<span class=\"elementor-grid-item\" role=\"listitem\">\n\t\t\t\t\t<a class=\"elementor-icon elementor-social-icon elementor-social-icon- elementor-repeater-item-8911e29\" href=\"https:\/\/www.tiktok.com\/@dulcedesaigon\" target=\"_blank\" rel=\"noopener\">\n\t\t\t\t\t\t<span class=\"elementor-screen-only\"><\/span>\n\t\t\t\t\t\t<svg xmlns=\"http:\/\/www.w3.org\/2000\/svg\" fill=\"#000000\" width=\"800px\" height=\"800px\" viewbox=\"0 0 32 32\"><title>tiktok<\/title><path d=\"M16.656 1.029c1.637-0.025 3.262-0.012 4.886-0.025 0.054 2.031 0.878 3.859 2.189 5.213l-0.002-0.002c1.411 1.271 3.247 2.095 5.271 2.235l0.028 0.002v5.036c-1.912-0.048-3.71-0.489-5.331-1.247l0.082 0.034c-0.784-0.377-1.447-0.764-2.077-1.196l0.052 0.034c-0.012 3.649 0.012 7.298-0.025 10.934-0.103 1.853-0.719 3.543-1.707 4.954l0.020-0.031c-1.652 2.366-4.328 3.919-7.371 4.011l-0.014 0c-0.123 0.006-0.268 0.009-0.414 0.009-1.73 0-3.347-0.482-4.725-1.319l0.040 0.023c-2.508-1.509-4.238-4.091-4.558-7.094l-0.004-0.041c-0.025-0.625-0.037-1.25-0.012-1.862 0.49-4.779 4.494-8.476 9.361-8.476 0.547 0 1.083 0.047 1.604 0.136l-0.056-0.008c0.025 1.849-0.050 3.699-0.050 5.548-0.423-0.153-0.911-0.242-1.42-0.242-1.868 0-3.457 1.194-4.045 2.861l-0.009 0.030c-0.133 0.427-0.21 0.918-0.21 1.426 0 0.206 0.013 0.41 0.037 0.61l-0.002-0.024c0.332 2.046 2.086 3.59 4.201 3.59 0.061 0 0.121-0.001 0.181-0.004l-0.009 0c1.463-0.044 2.733-0.831 3.451-1.994l0.010-0.018c0.267-0.372 0.45-0.822 0.511-1.311l0.001-0.014c0.125-2.237 0.075-4.461 0.087-6.698 0.012-5.036-0.012-10.060 0.025-15.083z\"><\/path><\/svg>\t\t\t\t\t<\/a>\n\t\t\t\t<\/span>\n\t\t\t\t\t\t\t<span class=\"elementor-grid-item\" role=\"listitem\">\n\t\t\t\t\t<a class=\"elementor-icon elementor-social-icon elementor-social-icon-threads elementor-repeater-item-935d3c9\" href=\"https:\/\/www.threads.com\/@dulce_de_saigon\" target=\"_blank\" rel=\"noopener\">\n\t\t\t\t\t\t<span class=\"elementor-screen-only\">Threads<\/span>\n\t\t\t\t\t\t<svg aria-hidden=\"true\" class=\"e-font-icon-svg e-fab-threads\" viewbox=\"0 0 448 512\" xmlns=\"http:\/\/www.w3.org\/2000\/svg\"><path d=\"M331.5 235.7c2.2 .9 4.2 1.9 6.3 2.8c29.2 14.1 50.6 35.2 61.8 61.4c15.7 36.5 17.2 95.8-30.3 143.2c-36.2 36.2-80.3 52.5-142.6 53h-.3c-70.2-.5-124.1-24.1-160.4-70.2c-32.3-41-48.9-98.1-49.5-169.6V256v-.2C17 184.3 33.6 127.2 65.9 86.2C102.2 40.1 156.2 16.5 226.4 16h.3c70.3 .5 124.9 24 162.3 69.9c18.4 22.7 32 50 40.6 81.7l-40.4 10.8c-7.1-25.8-17.8-47.8-32.2-65.4c-29.2-35.8-73-54.2-130.5-54.6c-57 .5-100.1 18.8-128.2 54.4C72.1 146.1 58.5 194.3 58 256c.5 61.7 14.1 109.9 40.3 143.3c28 35.6 71.2 53.9 128.2 54.4c51.4-.4 85.4-12.6 113.7-40.9c32.3-32.2 31.7-71.8 21.4-95.9c-6.1-14.2-17.1-26-31.9-34.9c-3.7 26.9-11.8 48.3-24.7 64.8c-17.1 21.8-41.4 33.6-72.7 35.3c-23.6 1.3-46.3-4.4-63.9-16c-20.8-13.8-33-34.8-34.3-59.3c-2.5-48.3 35.7-83 95.2-86.4c21.1-1.2 40.9-.3 59.2 2.8c-2.4-14.8-7.3-26.6-14.6-35.2c-10-11.7-25.6-17.7-46.2-17.8H227c-16.6 0-39 4.6-53.3 26.3l-34.4-23.6c19.2-29.1 50.3-45.1 87.8-45.1h.8c62.6 .4 99.9 39.5 103.7 107.7l-.2 .2zm-156 68.8c1.3 25.1 28.4 36.8 54.6 35.3c25.6-1.4 54.6-11.4 59.5-73.2c-13.2-2.9-27.8-4.4-43.4-4.4c-4.8 0-9.6 .1-14.4 .4c-42.9 2.4-57.2 23.2-56.2 41.8l-.1 .1z\"><\/path><\/svg>\t\t\t\t\t<\/a>\n\t\t\t\t<\/span>\n\t\t\t\t\t<\/div>\n\t\t\t\t\t\t<\/div>\n\t\t\t\t<div class=\"elementor-element elementor-element-c6f5a8d elementor-align-left elementor-widget elementor-widget-button\" data-id=\"c6f5a8d\" data-element_type=\"widget\" data-widget_type=\"button.default\">\n\t\t\t\t\t\t\t\t\t\t<a class=\"elementor-button elementor-button-link elementor-size-sm\" href=\"https:\/\/order.ipos.vn\/menu?pos_parent=BRAND-6DGD&#038;pos_id=29852\" target=\"_blank\" rel=\"noopener\">\n\t\t\t\t\t\t<span class=\"elementor-button-content-wrapper\">\n\t\t\t\t\t\t\t\t\t<span class=\"elementor-button-text\">Xem Menu \u0110\u1ea7y \u0110\u1ee7 T\u1ea1i \u0110\u00e2y<\/span>\n\t\t\t\t\t<\/span>\n\t\t\t\t\t<\/a>\n\t\t\t\t\t\t\t\t<\/div>\n\t\t\t\t<\/div>\n\t\t\t\t<div class=\"elementor-element elementor-element-5bac484a elementor-widget__width-initial elementor-widget-tablet__width-inherit elementor-widget elementor-widget-image\" data-id=\"5bac484a\" data-element_type=\"widget\" data-widget_type=\"image.default\">\n\t\t\t\t\t\t\t\t\t\t\t\t\t\t\t<img decoding=\"async\" width=\"800\" height=\"800\" src=\"https:\/\/dulcedesaigon.com\/wp-content\/uploads\/2025\/11\/Dulce-de-Saigon-team-1024x1024.jpg\" class=\"attachment-large size-large wp-image-2436\" alt=\"Dulce de Saigon team\" srcset=\"https:\/\/dulcedesaigon.com\/wp-content\/uploads\/2025\/11\/Dulce-de-Saigon-team-1024x1024.jpg 1024w, https:\/\/dulcedesaigon.com\/wp-content\/uploads\/2025\/11\/Dulce-de-Saigon-team-300x300.jpg 300w, https:\/\/dulcedesaigon.com\/wp-content\/uploads\/2025\/11\/Dulce-de-Saigon-team-150x150.jpg 150w, https:\/\/dulcedesaigon.com\/wp-content\/uploads\/2025\/11\/Dulce-de-Saigon-team-768x768.jpg 768w, https:\/\/dulcedesaigon.com\/wp-content\/uploads\/2025\/11\/Dulce-de-Saigon-team-12x12.jpg 12w, https:\/\/dulcedesaigon.com\/wp-content\/uploads\/2025\/11\/Dulce-de-Saigon-team.jpg 1440w\" sizes=\"(max-width: 800px) 100vw, 800px\" \/>\t\t\t\t\t\t\t\t\t\t\t\t\t\t\t<\/div>\n\t\t\t\t<\/div>\n\t\t\t\t<\/div>","protected":false},"excerpt":{"rendered":"<p>We believe great food has the power to bring people together Dulce was born during the COVID lockdowns of 2019, when our head baker Minh Th\u01b0 discovered her passion for American-style baking. What started as cinnamon rolls for close friends quickly grew into something bigger\u2014a space where global flavors meet Saigon spirit. We&#8217;re Garret and [&hellip;]<\/p>","protected":false},"author":1,"featured_media":1973,"parent":0,"menu_order":0,"comment_status":"closed","ping_status":"closed","template":"","meta":{"_angie_page":false,"footnotes":""},"class_list":["post-2414","page","type-page","status-publish","has-post-thumbnail","hentry"],"_links":{"self":[{"href":"https:\/\/dulcedesaigon.com\/vi\/wp-json\/wp\/v2\/pages\/2414","targetHints":{"allow":["GET"]}}],"collection":[{"href":"https:\/\/dulcedesaigon.com\/vi\/wp-json\/wp\/v2\/pages"}],"about":[{"href":"https:\/\/dulcedesaigon.com\/vi\/wp-json\/wp\/v2\/types\/page"}],"author":[{"embeddable":true,"href":"https:\/\/dulcedesaigon.com\/vi\/wp-json\/wp\/v2\/users\/1"}],"replies":[{"embeddable":true,"href":"https:\/\/dulcedesaigon.com\/vi\/wp-json\/wp\/v2\/comments?post=2414"}],"version-history":[{"count":47,"href":"https:\/\/dulcedesaigon.com\/vi\/wp-json\/wp\/v2\/pages\/2414\/revisions"}],"predecessor-version":[{"id":2857,"href":"https:\/\/dulcedesaigon.com\/vi\/wp-json\/wp\/v2\/pages\/2414\/revisions\/2857"}],"wp:featuredmedia":[{"embeddable":true,"href":"https:\/\/dulcedesaigon.com\/vi\/wp-json\/wp\/v2\/media\/1973"}],"wp:attachment":[{"href":"https:\/\/dulcedesaigon.com\/vi\/wp-json\/wp\/v2\/media?parent=2414"}],"curies":[{"name":"wp","href":"https:\/\/api.w.org\/{rel}","templated":true}]}}